{"id":3017,"date":"2014-04-25T12:46:40","date_gmt":"2014-04-25T12:46:40","guid":{"rendered":"http:\/\/www.cisterna.ro\/adr\/?page_id=3017"},"modified":"2025-04-23T13:39:36","modified_gmt":"2025-04-23T13:39:36","slug":"home","status":"publish","type":"page","link":"https:\/\/www.cisterna.ro\/adr\/","title":{"rendered":"Homepage"},"content":{"rendered":"<div id='layer_slider_1'  class='avia-layerslider main_color avia-shadow  avia-builder-el-0  el_before_av_image  avia-builder-el-first  container_wrap fullsize'  style='height: 302px; max-width: 1024px; margin: 0 auto;'  ><\/div><div id='after_layer_slider_1'  class='main_color av_default_container_wrap container_wrap fullsize'  ><div class='container av-section-cont-open' ><div class='template-page content  av-content-full alpha units'><div class='post-entry post-entry-type-page post-entry-3017'><div class='entry-content-wrapper clearfix'>\n\n<style type=\"text\/css\" data-created_by=\"avia_inline_auto\" id=\"style-css-av-m9juvcqm-5586c2da91864d1e22adf2e30a4e4dff\">\n.avia-image-container.av-m9juvcqm-5586c2da91864d1e22adf2e30a4e4dff img.avia_image{\nbox-shadow:none;\n}\n.avia-image-container.av-m9juvcqm-5586c2da91864d1e22adf2e30a4e4dff .av-image-caption-overlay-center{\ncolor:#ffffff;\n}\n<\/style>\n<div  class='avia-image-container av-m9juvcqm-5586c2da91864d1e22adf2e30a4e4dff av-styling- av-img-linked avia-align-center  avia-builder-el-1  el_after_av_layerslider  el_before_av_one_half  avia-builder-el-first '   itemprop=\"image\" itemscope=\"itemscope\" itemtype=\"https:\/\/schema.org\/ImageObject\" ><div class=\"avia-image-container-inner\"><div class=\"avia-image-overlay-wrap\"><a href=\"https:\/\/www.cisterna.ro\/adr\/wp-content\/uploads\/2025\/04\/macheta-comunicat-presa-PR-Centru_MC-Trans.pdf\" class='avia_image '  aria-label='macheta-WIDE-PANOU_PLACA-PR-Centru-2021-2027_MC TRANS'><img decoding=\"async\" fetchpriority=\"high\" class='wp-image-7216 avia-img-lazy-loading-not-7216 avia_image ' src=\"https:\/\/www.cisterna.ro\/adr\/wp-content\/uploads\/2025\/04\/macheta-WIDE-PANOU_PLACA-PR-Centru-2021-2027_MC-TRANS-1.png\" alt='' title='macheta-WIDE-PANOU_PLACA-PR-Centru-2021-2027_MC TRANS'  height=\"917\" width=\"1880\"  itemprop=\"thumbnailUrl\" srcset=\"https:\/\/www.cisterna.ro\/adr\/wp-content\/uploads\/2025\/04\/macheta-WIDE-PANOU_PLACA-PR-Centru-2021-2027_MC-TRANS-1.png 1880w, https:\/\/www.cisterna.ro\/adr\/wp-content\/uploads\/2025\/04\/macheta-WIDE-PANOU_PLACA-PR-Centru-2021-2027_MC-TRANS-1-300x146.png 300w, https:\/\/www.cisterna.ro\/adr\/wp-content\/uploads\/2025\/04\/macheta-WIDE-PANOU_PLACA-PR-Centru-2021-2027_MC-TRANS-1-1030x502.png 1030w, https:\/\/www.cisterna.ro\/adr\/wp-content\/uploads\/2025\/04\/macheta-WIDE-PANOU_PLACA-PR-Centru-2021-2027_MC-TRANS-1-768x375.png 768w, https:\/\/www.cisterna.ro\/adr\/wp-content\/uploads\/2025\/04\/macheta-WIDE-PANOU_PLACA-PR-Centru-2021-2027_MC-TRANS-1-1536x749.png 1536w, https:\/\/www.cisterna.ro\/adr\/wp-content\/uploads\/2025\/04\/macheta-WIDE-PANOU_PLACA-PR-Centru-2021-2027_MC-TRANS-1-1500x732.png 1500w, https:\/\/www.cisterna.ro\/adr\/wp-content\/uploads\/2025\/04\/macheta-WIDE-PANOU_PLACA-PR-Centru-2021-2027_MC-TRANS-1-705x344.png 705w\" sizes=\"(max-width: 1880px) 100vw, 1880px\" \/><\/a><\/div><\/div><\/div>\n<div  class='flex_column av-tl2tu1-0d15f5eebce1c3822a3f0df5975eb77d av_one_half  avia-builder-el-2  el_after_av_image  el_before_av_one_half  first flex_column_div  '     ><section  class='av_textblock_section av-24hep5-91324a4d437fde1d5db01194ec564ac3 '   itemscope=\"itemscope\" itemtype=\"https:\/\/schema.org\/CreativeWork\" ><div class='avia_textblock'  itemprop=\"text\" ><h1 style=\"text-align: left;\">5 motive<\/h1>\n<h3>pentru care s\u0103 alegi serviciile<br \/>\nnoastre de transport<\/h3>\n<\/div><\/section><br \/>\n<div  class='avia-icon-list-container av-pyjjg9-300e173313dc45392206bb7ef22df243  avia-builder-el-4  el_after_av_textblock  avia-builder-el-last '><ul class='avia-icon-list avia_animate_when_almost_visible avia-icon-list-left av-iconlist-big av-pyjjg9-300e173313dc45392206bb7ef22df243 avia-iconlist-animate'>\n<li><div class='iconlist_icon av-np6vcp-1b87bcbb35d483928ca9e8aa08048b31 avia-font-entypo-fontello avia-iconfont avia-font-entypo-fontello'><span class='av-icon-char' data-av_icon='\ue8b1' data-av_iconfont='entypo-fontello' aria-hidden=\"true\"><\/span><\/div><article class=\"article-icon-entry \"  itemscope=\"itemscope\" itemtype=\"https:\/\/schema.org\/CreativeWork\" ><div class=\"iconlist_content_wrap\"><header class=\"entry-content-header\" aria-label=\"Icon: Loca\u021bii\"><h4 class='av_iconlist_title iconlist_title  '  itemprop=\"headline\" >Loca\u021bii<\/h4><\/header><div class='iconlist_content '  itemprop=\"text\" ><p>Acoperim cu succes orice loca\u021bii din Europa<\/p>\n<\/div><\/div><footer class=\"entry-footer\"><\/footer><\/article><div class=\"iconlist-timeline\"><\/div><\/li>\n<li><div class='iconlist_icon av-m9rnu1-38ea815556c9612500cbf6b9e3a4cb68 avia-font-entypo-fontello avia-iconfont avia-font-entypo-fontello'><span class='av-icon-char' data-av_icon='\ue82b' data-av_iconfont='entypo-fontello' aria-hidden=\"true\"><\/span><\/div><article class=\"article-icon-entry \"  itemscope=\"itemscope\" itemtype=\"https:\/\/schema.org\/CreativeWork\" ><div class=\"iconlist_content_wrap\"><header class=\"entry-content-header\" aria-label=\"Icon: Rapiditatea\"><h4 class='av_iconlist_title iconlist_title  '  itemprop=\"headline\" >Rapiditatea<\/h4><\/header><div class='iconlist_content '  itemprop=\"text\" ><p>Rapiditatea \u0219i siguran\u021ba tuturor serviciilor noastre<\/p>\n<\/div><\/div><footer class=\"entry-footer\"><\/footer><\/article><div class=\"iconlist-timeline\"><\/div><\/li>\n<li><div class='iconlist_icon av-k8o26h-dcc718a0bb8960669e36895a1a88653d avia-font-entypo-fontello avia-iconfont avia-font-entypo-fontello'><span class='av-icon-char' data-av_icon='\ue826' data-av_iconfont='entypo-fontello' aria-hidden=\"true\"><\/span><\/div><article class=\"article-icon-entry \"  itemscope=\"itemscope\" itemtype=\"https:\/\/schema.org\/CreativeWork\" ><div class=\"iconlist_content_wrap\"><header class=\"entry-content-header\" aria-label=\"Icon: Solu\u021bii\"><h4 class='av_iconlist_title iconlist_title  '  itemprop=\"headline\" >Solu\u021bii<\/h4><\/header><div class='iconlist_content '  itemprop=\"text\" ><p>V\u0103 oferim solu\u021bii complete, felexibile \u0219i optime<\/p>\n<\/div><\/div><footer class=\"entry-footer\"><\/footer><\/article><div class=\"iconlist-timeline\"><\/div><\/li>\n<li><div class='iconlist_icon av-iyobp5-78904ba137ffe566a1ac838e7aadb48c avia-font-entypo-fontello avia-iconfont avia-font-entypo-fontello'><span class='av-icon-char' data-av_icon='\ue856' data-av_iconfont='entypo-fontello' aria-hidden=\"true\"><\/span><\/div><article class=\"article-icon-entry \"  itemscope=\"itemscope\" itemtype=\"https:\/\/schema.org\/CreativeWork\" ><div class=\"iconlist_content_wrap\"><header class=\"entry-content-header\" aria-label=\"Icon: Tehnologie\"><h4 class='av_iconlist_title iconlist_title  '  itemprop=\"headline\" >Tehnologie<\/h4><\/header><div class='iconlist_content '  itemprop=\"text\" ><p>Folosim cea mai nou\u0103 tehnologie de p\u0103strare a calit\u0103\u021bii m\u0103rfurilor<\/p>\n<\/div><\/div><footer class=\"entry-footer\"><\/footer><\/article><div class=\"iconlist-timeline\"><\/div><\/li>\n<li><div class='iconlist_icon av-1oh9yh-4f39d6484cfed99fa4eac1999be6f772 avia-font-entypo-fontello avia-iconfont avia-font-entypo-fontello'><span class='av-icon-char' data-av_icon='\ue804' data-av_iconfont='entypo-fontello' aria-hidden=\"true\"><\/span><\/div><article class=\"article-icon-entry \"  itemscope=\"itemscope\" itemtype=\"https:\/\/schema.org\/CreativeWork\" ><div class=\"iconlist_content_wrap\"><header class=\"entry-content-header\" aria-label=\"Icon: Traseul\"><h4 class='av_iconlist_title iconlist_title  '  itemprop=\"headline\" >Traseul<\/h4><\/header><div class='iconlist_content '  itemprop=\"text\" ><p>Pute\u021bi verifica oric\u00e2nd traseul unui transport \u00een timp real<\/p>\n<\/div><\/div><footer class=\"entry-footer\"><\/footer><\/article><div class=\"iconlist-timeline\"><\/div><\/li>\n<li><div class='iconlist_icon av-f7gs7t-8531d64fe54c583e8089be4c4ed06c7d avia-font-entypo-fontello avia-iconfont avia-font-entypo-fontello'><span class='av-icon-char' data-av_icon='\ue855' data-av_iconfont='entypo-fontello' aria-hidden=\"true\"><\/span><\/div><article class=\"article-icon-entry \"  itemscope=\"itemscope\" itemtype=\"https:\/\/schema.org\/CreativeWork\" ><div class=\"iconlist_content_wrap\"><header class=\"entry-content-header\" aria-label=\"Icon: Cota\u021bie\"><h4 class='av_iconlist_title iconlist_title  '  itemprop=\"headline\" >Cota\u021bie<\/h4><\/header><div class='iconlist_content '  itemprop=\"text\" ><p>Solicita\u021bi o cota\u021bie rapid\u0103!<\/p>\n<\/div><\/div><footer class=\"entry-footer\"><\/footer><\/article><div class=\"iconlist-timeline\"><\/div><\/li>\n<\/ul><\/div><\/p><\/div>\n\n<style type=\"text\/css\" data-created_by=\"avia_inline_auto\" id=\"style-css-av-eszis9-a489fdda5adf04a162b67d1b83ae9cb7\">\n.flex_column.av-eszis9-a489fdda5adf04a162b67d1b83ae9cb7{\nborder-radius:0px 0px 0px 0px;\npadding:0px 0px 0px 0px;\n}\n<\/style>\n<div  class='flex_column av-eszis9-a489fdda5adf04a162b67d1b83ae9cb7 av_one_half  avia-builder-el-5  el_after_av_one_half  avia-builder-el-last  flex_column_div av-zero-column-padding  '     ><form action=\"https:\/\/www.cisterna.ro\/adr\/\" method=\"post\" data-fields-with-error=\"Found errors in the following field(s):\" class=\"avia_ajax_form av-form-labels-visible   avia-builder-el-6  avia-builder-el-no-sibling   \" data-avia-form-id=\"1\" data-avia-redirect='' ><h3 class=''>Formular cota\u021bie rapid\u0103<\/h3><fieldset><p class='  first_form  form_element form_fullwidth' id='element_avia_1_1'><label for=\"avia_1_1\">Nume, prenume <abbr class=\"required\" title=\"required\">*<\/abbr><\/label> <input name=\"avia_1_1\" class=\"text_input is_empty\" type=\"text\" id=\"avia_1_1\" value=\"\" \/><\/p><p class='  first_form  form_element form_fullwidth' id='element_avia_2_1'><label for=\"avia_2_1\">E-mail <abbr class=\"required\" title=\"required\">*<\/abbr><\/label> <input name=\"avia_2_1\" class=\"text_input is_email\" type=\"text\" id=\"avia_2_1\" value=\"\" \/><\/p><p class='  first_form  form_element form_fullwidth' id='element_avia_3_1'><label for=\"avia_3_1\">Companie <abbr class=\"required\" title=\"required\">*<\/abbr><\/label> <input name=\"avia_3_1\" class=\"text_input is_empty\" type=\"text\" id=\"avia_3_1\" value=\"\" \/><\/p><p class='  first_form  form_element form_fullwidth' id='element_avia_4_1'><label for=\"avia_4_1\" class=\"textare_label hidden textare_label_avia_4_1\">Detalii tip transport necesar\/marf\u0103\/cantitate <abbr class=\"required\" title=\"required\">*<\/abbr><\/label><textarea  name=\"avia_4_1\" class=\"text_area is_empty\" cols=\"40\" rows=\"7\" id=\"avia_4_1\" ><\/textarea><\/p><p class='  first_form  form_element form_fullwidth' id='element_avia_5_1'><label for=\"avia_5_1\">Locul de \u00eenc\u0103rcare \/ Data<\/label> <input name=\"avia_5_1\" class=\"text_input \" type=\"text\" id=\"avia_5_1\" value=\"\" \/><\/p><p class='  first_form  form_element form_fullwidth' id='element_avia_6_1'><label for=\"avia_6_1\">Loc de desc\u0103rcare \/ Data<\/label> <input name=\"avia_6_1\" class=\"text_input \" type=\"text\" id=\"avia_6_1\" value=\"\" \/><\/p><p class=\"hidden\"><input type=\"text\" name=\"avia_7_1\" class=\"hidden \" id=\"avia_7_1\" value=\"\" \/><\/p><p class='   form_element form_fullwidth' id='element_avia_8_1'><span class='value_verifier_label'>3 + 0 = ?<\/span><input name=\"avia_8_1_verifier\" type=\"hidden\" id=\"avia_8_1_verifier\" value=\"816636744\"\/><label for=\"avia_8_1\">V\u0103 rug\u0103m s\u0103 dovedi\u021bi c\u0103 sunte\u021bi om prin rezolvarea ecua\u021biei <abbr class=\"required\" title=\"required\">*<\/abbr><\/label><input name=\"avia_8_1\" class=\"text_input captcha\" type=\"text\" id=\"avia_8_1\" value=\"\"\/><\/p><p class=\"form_element \"><input type=\"hidden\" value=\"1\" name=\"avia_generated_form1\" \/><input type=\"submit\" value=\"Trimite\" class=\"button\"  data-sending-label=\"Sending\"\/><\/p><\/fieldset><\/form><div id=\"ajaxresponse_1\" class=\"ajaxresponse ajaxresponse_1 hidden\"><\/div><\/div>\n","protected":false},"excerpt":{"rendered":"","protected":false},"author":1,"featured_media":0,"parent":0,"menu_order":0,"comment_status":"open","ping_status":"closed","template":"","meta":{"footnotes":""},"class_list":["post-3017","page","type-page","status-publish","hentry"],"yoast_head":"<!-- This site is optimized with the Yoast SEO plugin v27.4 - https:\/\/yoast.com\/product\/yoast-seo-wordpress\/ -->\n<title>MC TRANS SRL - Transport International cu Cisterna<\/title>\n<meta name=\"description\" content=\"MC TRANS poate transporta \u00eenc\u0103rc\u0103turile dvs. \u00een toat\u0103 Europa, ca serviciu complet, furnizor-client.\" \/>\n<meta name=\"robots\" content=\"index, follow, max-snippet:-1, max-image-preview:large, max-video-preview:-1\" \/>\n<link rel=\"canonical\" href=\"https:\/\/www.cisterna.ro\/adr\/\" \/>\n<meta property=\"og:locale\" content=\"ro_RO\" \/>\n<meta property=\"og:type\" content=\"article\" \/>\n<meta property=\"og:title\" content=\"MC TRANS SRL - Transport International cu Cisterna\" \/>\n<meta property=\"og:description\" content=\"MC TRANS poate transporta \u00eenc\u0103rc\u0103turile dvs. \u00een toat\u0103 Europa, ca serviciu complet, furnizor-client.\" \/>\n<meta property=\"og:url\" content=\"https:\/\/www.cisterna.ro\/adr\/\" \/>\n<meta property=\"og:site_name\" content=\"MC Trans SRL\" \/>\n<meta property=\"article:modified_time\" content=\"2025-04-23T13:39:36+00:00\" \/>\n<meta name=\"twitter:label1\" content=\"Timp estimat pentru citire\" \/>\n\t<meta name=\"twitter:data1\" content=\"2 minute\" \/>\n<script type=\"application\/ld+json\" class=\"yoast-schema-graph\">{\"@context\":\"https:\\\/\\\/schema.org\",\"@graph\":[{\"@type\":\"WebPage\",\"@id\":\"https:\\\/\\\/www.cisterna.ro\\\/adr\\\/\",\"url\":\"https:\\\/\\\/www.cisterna.ro\\\/adr\\\/\",\"name\":\"MC TRANS SRL - Transport International cu Cisterna\",\"isPartOf\":{\"@id\":\"https:\\\/\\\/www.cisterna.ro\\\/adr\\\/#website\"},\"datePublished\":\"2014-04-25T12:46:40+00:00\",\"dateModified\":\"2025-04-23T13:39:36+00:00\",\"description\":\"MC TRANS poate transporta \u00eenc\u0103rc\u0103turile dvs. \u00een toat\u0103 Europa, ca serviciu complet, furnizor-client.\",\"breadcrumb\":{\"@id\":\"https:\\\/\\\/www.cisterna.ro\\\/adr\\\/#breadcrumb\"},\"inLanguage\":\"ro-RO\",\"potentialAction\":[{\"@type\":\"ReadAction\",\"target\":[\"https:\\\/\\\/www.cisterna.ro\\\/adr\\\/\"]}]},{\"@type\":\"BreadcrumbList\",\"@id\":\"https:\\\/\\\/www.cisterna.ro\\\/adr\\\/#breadcrumb\",\"itemListElement\":[{\"@type\":\"ListItem\",\"position\":1,\"name\":\"Home\",\"item\":\"https:\\\/\\\/www.cisterna.ro\\\/adr\\\/home\\\/\"},{\"@type\":\"ListItem\",\"position\":2,\"name\":\"Homepage\"}]},{\"@type\":\"WebSite\",\"@id\":\"https:\\\/\\\/www.cisterna.ro\\\/adr\\\/#website\",\"url\":\"https:\\\/\\\/www.cisterna.ro\\\/adr\\\/\",\"name\":\"MC Trans SRL\",\"description\":\"Transport International\",\"potentialAction\":[{\"@type\":\"SearchAction\",\"target\":{\"@type\":\"EntryPoint\",\"urlTemplate\":\"https:\\\/\\\/www.cisterna.ro\\\/adr\\\/?s={search_term_string}\"},\"query-input\":{\"@type\":\"PropertyValueSpecification\",\"valueRequired\":true,\"valueName\":\"search_term_string\"}}],\"inLanguage\":\"ro-RO\"}]}<\/script>\n<!-- \/ Yoast SEO plugin. -->","yoast_head_json":{"title":"MC TRANS SRL - Transport International cu Cisterna","description":"MC TRANS poate transporta \u00eenc\u0103rc\u0103turile dvs. \u00een toat\u0103 Europa, ca serviciu complet, furnizor-client.","robots":{"index":"index","follow":"follow","max-snippet":"max-snippet:-1","max-image-preview":"max-image-preview:large","max-video-preview":"max-video-preview:-1"},"canonical":"https:\/\/www.cisterna.ro\/adr\/","og_locale":"ro_RO","og_type":"article","og_title":"MC TRANS SRL - Transport International cu Cisterna","og_description":"MC TRANS poate transporta \u00eenc\u0103rc\u0103turile dvs. \u00een toat\u0103 Europa, ca serviciu complet, furnizor-client.","og_url":"https:\/\/www.cisterna.ro\/adr\/","og_site_name":"MC Trans SRL","article_modified_time":"2025-04-23T13:39:36+00:00","twitter_misc":{"Timp estimat pentru citire":"2 minute"},"schema":{"@context":"https:\/\/schema.org","@graph":[{"@type":"WebPage","@id":"https:\/\/www.cisterna.ro\/adr\/","url":"https:\/\/www.cisterna.ro\/adr\/","name":"MC TRANS SRL - Transport International cu Cisterna","isPartOf":{"@id":"https:\/\/www.cisterna.ro\/adr\/#website"},"datePublished":"2014-04-25T12:46:40+00:00","dateModified":"2025-04-23T13:39:36+00:00","description":"MC TRANS poate transporta \u00eenc\u0103rc\u0103turile dvs. \u00een toat\u0103 Europa, ca serviciu complet, furnizor-client.","breadcrumb":{"@id":"https:\/\/www.cisterna.ro\/adr\/#breadcrumb"},"inLanguage":"ro-RO","potentialAction":[{"@type":"ReadAction","target":["https:\/\/www.cisterna.ro\/adr\/"]}]},{"@type":"BreadcrumbList","@id":"https:\/\/www.cisterna.ro\/adr\/#breadcrumb","itemListElement":[{"@type":"ListItem","position":1,"name":"Home","item":"https:\/\/www.cisterna.ro\/adr\/home\/"},{"@type":"ListItem","position":2,"name":"Homepage"}]},{"@type":"WebSite","@id":"https:\/\/www.cisterna.ro\/adr\/#website","url":"https:\/\/www.cisterna.ro\/adr\/","name":"MC Trans SRL","description":"Transport International","potentialAction":[{"@type":"SearchAction","target":{"@type":"EntryPoint","urlTemplate":"https:\/\/www.cisterna.ro\/adr\/?s={search_term_string}"},"query-input":{"@type":"PropertyValueSpecification","valueRequired":true,"valueName":"search_term_string"}}],"inLanguage":"ro-RO"}]}},"_links":{"self":[{"href":"https:\/\/www.cisterna.ro\/adr\/wp-json\/wp\/v2\/pages\/3017","targetHints":{"allow":["GET"]}}],"collection":[{"href":"https:\/\/www.cisterna.ro\/adr\/wp-json\/wp\/v2\/pages"}],"about":[{"href":"https:\/\/www.cisterna.ro\/adr\/wp-json\/wp\/v2\/types\/page"}],"author":[{"embeddable":true,"href":"https:\/\/www.cisterna.ro\/adr\/wp-json\/wp\/v2\/users\/1"}],"replies":[{"embeddable":true,"href":"https:\/\/www.cisterna.ro\/adr\/wp-json\/wp\/v2\/comments?post=3017"}],"version-history":[{"count":56,"href":"https:\/\/www.cisterna.ro\/adr\/wp-json\/wp\/v2\/pages\/3017\/revisions"}],"predecessor-version":[{"id":7229,"href":"https:\/\/www.cisterna.ro\/adr\/wp-json\/wp\/v2\/pages\/3017\/revisions\/7229"}],"wp:attachment":[{"href":"https:\/\/www.cisterna.ro\/adr\/wp-json\/wp\/v2\/media?parent=3017"}],"curies":[{"name":"wp","href":"https:\/\/api.w.org\/{rel}","templated":true}]}}