{"id":3934,"date":"2014-04-28T06:31:12","date_gmt":"2014-04-28T06:31:12","guid":{"rendered":"http:\/\/www.cisterna.ro\/adr\/?page_id=3934"},"modified":"2025-02-25T13:04:51","modified_gmt":"2025-02-25T13:04:51","slug":"contact","status":"publish","type":"page","link":"https:\/\/www.cisterna.ro\/adr\/contact\/?lang=en","title":{"rendered":"Contact"},"content":{"rendered":"\n<style type=\"text\/css\" data-created_by=\"avia_inline_auto\" id=\"style-css-av-2ic5yp-ce419c834817e35ac74a0ee5e40fe126\">\n#top .av-special-heading.av-2ic5yp-ce419c834817e35ac74a0ee5e40fe126{\npadding-bottom:10px;\n}\nbody .av-special-heading.av-2ic5yp-ce419c834817e35ac74a0ee5e40fe126 .av-special-heading-tag .heading-char{\nfont-size:25px;\n}\n.av-special-heading.av-2ic5yp-ce419c834817e35ac74a0ee5e40fe126 .av-subheading{\nfont-size:15px;\n}\n<\/style>\n<div  class='av-special-heading av-2ic5yp-ce419c834817e35ac74a0ee5e40fe126 av-special-heading-h3 meta-heading  avia-builder-el-0  el_before_av_one_full  avia-builder-el-first '><h3 class='av-special-heading-tag '  itemprop=\"headline\"  >Our headquarters on the map<\/h3><div class=\"special-heading-border\"><div class=\"special-heading-inner-border\"><\/div><\/div><\/div>\n<div  class='flex_column av-vcnx9d-792ec3fa61fb674bbe9f01cb04a21bcf av_one_full  avia-builder-el-1  el_after_av_heading  el_before_av_one_half  first flex_column_div  '     ><div  class='av_gmaps_sc_main_wrap av_gmaps_main_wrap '><div id='av_gmap_0' class='avia-google-map-container avia-google-map-sc av_gmaps_show_unconditionally av-no-fallback-img ' data-mapid='av_gmap_0'  style='height: 400px;'><a class=\"av_gmaps_browser_disabled av_text_confirm_link av_text_confirm_link_visible\" href=\"https:\/\/www.google.com\/maps\/search\/?api=1&#038;query=Str.%20Barajului%20Nr.%2010%20%20T\u00eergu-Mure\u0219%20%20Rom\u00e2nia\" target=\"_blank\">Maps were disabled by the visitor on this site. Click to open the map in a new window.<\/a><\/div><\/div><\/div>\n<div  class='flex_column av-q7urdd-fe5c68415e7627fae606524ee854aeb1 av_one_half  avia-builder-el-3  el_after_av_one_full  el_before_av_one_half  first flex_column_div  column-top-margin'     ><style type=\"text\/css\" data-created_by=\"avia_inline_auto\" id=\"style-css-av-o4a7k1-180ba24e9aa04c3ee69f8492548b9a0f\">\n#top .av-special-heading.av-o4a7k1-180ba24e9aa04c3ee69f8492548b9a0f{\npadding-bottom:10px;\n}\nbody .av-special-heading.av-o4a7k1-180ba24e9aa04c3ee69f8492548b9a0f .av-special-heading-tag .heading-char{\nfont-size:25px;\n}\n.av-special-heading.av-o4a7k1-180ba24e9aa04c3ee69f8492548b9a0f .av-subheading{\nfont-size:15px;\n}\n<\/style>\n<div  class='av-special-heading av-o4a7k1-180ba24e9aa04c3ee69f8492548b9a0f av-special-heading-h3 meta-heading  avia-builder-el-4  avia-builder-el-no-sibling '><h3 class='av-special-heading-tag '  itemprop=\"headline\"  >Contact form<\/h3><div class=\"special-heading-border\"><div class=\"special-heading-inner-border\"><\/div><\/div><\/div><\/div>\n\n<style type=\"text\/css\" data-created_by=\"avia_inline_auto\" id=\"style-css-av-mxyi5t-415ca846f1fec8abe947d5184a79a2d2\">\n.flex_column.av-mxyi5t-415ca846f1fec8abe947d5184a79a2d2{\nborder-radius:0px 0px 0px 0px;\npadding:0px 0px 0px 0px;\n}\n<\/style>\n<div  class='flex_column av-mxyi5t-415ca846f1fec8abe947d5184a79a2d2 av_one_half  avia-builder-el-5  el_after_av_one_half  el_before_av_one_half  flex_column_div av-zero-column-padding  column-top-margin'     ><style type=\"text\/css\" data-created_by=\"avia_inline_auto\" id=\"style-css-av-227ym9-d8410517752221fc9d5550c4844377f1\">\n#top .av-special-heading.av-227ym9-d8410517752221fc9d5550c4844377f1{\npadding-bottom:10px;\n}\nbody .av-special-heading.av-227ym9-d8410517752221fc9d5550c4844377f1 .av-special-heading-tag .heading-char{\nfont-size:25px;\n}\n.av-special-heading.av-227ym9-d8410517752221fc9d5550c4844377f1 .av-subheading{\nfont-size:15px;\n}\n<\/style>\n<div  class='av-special-heading av-227ym9-d8410517752221fc9d5550c4844377f1 av-special-heading-h3 meta-heading  avia-builder-el-6  avia-builder-el-no-sibling '><h3 class='av-special-heading-tag '  itemprop=\"headline\"  >Company data MC TRANS SRL<\/h3><div class=\"special-heading-border\"><div class=\"special-heading-inner-border\"><\/div><\/div><\/div><\/div>\n<div  class='flex_column av-jhr1xt-57aca856a6007f1716a9218f3afc0a63 av_one_half  avia-builder-el-7  el_after_av_one_half  el_before_av_one_half  first flex_column_div  column-top-margin'     ><form action=\"https:\/\/www.cisterna.ro\/adr\/contact\/?lang=en\" method=\"post\" data-fields-with-error=\"Found errors in the following field(s):\" class=\"avia_ajax_form av-form-labels-visible   avia-builder-el-8  avia-builder-el-no-sibling   \" data-avia-form-id=\"1\" data-avia-redirect='' ><h3 class=''>Send a message<\/h3><fieldset><p class='  first_form  form_element form_fullwidth' id='element_avia_1_1'><label for=\"avia_1_1\">Forname <abbr class=\"required\" title=\"required\">*<\/abbr><\/label> <input name=\"avia_1_1\" class=\"text_input is_empty\" type=\"text\" id=\"avia_1_1\" value=\"\" \/><\/p><p class='  first_form  form_element form_fullwidth' id='element_avia_2_1'><label for=\"avia_2_1\">Surname<\/label> <input name=\"avia_2_1\" class=\"text_input \" type=\"text\" id=\"avia_2_1\" value=\"\" \/><\/p><p class='  first_form  form_element form_fullwidth' id='element_avia_3_1'><label for=\"avia_3_1\">E-mail address <abbr class=\"required\" title=\"required\">*<\/abbr><\/label> <input name=\"avia_3_1\" class=\"text_input is_email\" type=\"text\" id=\"avia_3_1\" value=\"\" \/><\/p><p class='  first_form  form_element form_fullwidth' id='element_avia_4_1'><label for=\"avia_4_1\" class=\"textare_label hidden textare_label_avia_4_1\">Message <abbr class=\"required\" title=\"required\">*<\/abbr><\/label><textarea  name=\"avia_4_1\" class=\"text_area is_empty\" cols=\"40\" rows=\"7\" id=\"avia_4_1\" ><\/textarea><\/p><p class=\"hidden\"><input type=\"text\" name=\"avia_5_1\" class=\"hidden \" id=\"avia_5_1\" value=\"\" \/><\/p><p class='   form_element form_fullwidth' id='element_avia_6_1'><span class='value_verifier_label'>0 + 7 = ?<\/span><input name=\"avia_6_1_verifier\" type=\"hidden\" id=\"avia_6_1_verifier\" value=\"274775173\"\/><label for=\"avia_6_1\">V\u0103 rug\u0103m s\u0103 dovedi\u021bi c\u0103 sunte\u021bi om prin rezolvarea ecua\u021biei <abbr class=\"required\" title=\"required\">*<\/abbr><\/label><input name=\"avia_6_1\" class=\"text_input captcha\" type=\"text\" id=\"avia_6_1\" value=\"\"\/><\/p><p class=\"form_element \"><input type=\"hidden\" value=\"1\" name=\"avia_generated_form1\" \/><input type=\"submit\" value=\"Send\" class=\"button\"  data-sending-label=\"Sending\"\/><\/p><\/fieldset><\/form><div id=\"ajaxresponse_1\" class=\"ajaxresponse ajaxresponse_1 hidden\"><\/div><\/div>\n\n<style type=\"text\/css\" data-created_by=\"avia_inline_auto\" id=\"style-css-av-9oan8h-6d988de42ceef05be06d75ea7536b40c\">\n.flex_column.av-9oan8h-6d988de42ceef05be06d75ea7536b40c{\nborder-radius:0px 0px 0px 0px;\npadding:0px 0px 0px 0px;\n}\n<\/style>\n<div  class='flex_column av-9oan8h-6d988de42ceef05be06d75ea7536b40c av_one_half  avia-builder-el-9  el_after_av_one_half  avia-builder-el-last  flex_column_div av-zero-column-padding  column-top-margin'     ><section  class='av_textblock_section av-7weu0x-0fb76bb7de5f8e0dd72586001b863327 '   itemscope=\"itemscope\" itemtype=\"https:\/\/schema.org\/CreativeWork\" ><div class='avia_textblock'  itemprop=\"text\" ><p><strong>MC TRANS<\/strong><\/p>\n<p>Unique Registration Code:\u00a0RO 21050206<\/p>\n<p>J2007000245262<\/p>\n<p>Tg-Mures, Str. Barajului\u00a0 Nr. 10<\/p>\n<p>Postal code: 540191<\/p>\n<p><strong>BANCA TRANSILVANIA<\/strong><\/p>\n<p>RON ACCOUNT: RO 70BTRL02701202D29358XX<\/p>\n<p>EUR ACCOUNT \u2013 RO45BTRL02704202D29358XX<\/p>\n<p>HUF ACCOUNT \u2013 RO43BTRL02712202D29358XX<\/p>\n<p>USD ACCOUNT- RO94BTRL02702202D29358XX<\/p>\n<p>SWIFT CODE:\u00a0 BTRLRO22XXX BANCA TRANSILVANIA<\/p>\n<p><strong>CONTACT<\/strong>\u00a0<strong>DATA<\/strong><\/p>\n<p><strong>Correspondence address:<\/strong>\u00a0Tg-Mure\u015f, str. Barajului Nr. 10<\/p>\n<p><strong>E-mail<\/strong>\u2013<b>address:\u00a0<\/b><a title=\"e-mail\" href=\"https:\/\/www.cisterna.ro\/adr\/contact\/comenzi@cisterna.ro\">comenzi@cisterna.ro<\/a><\/p>\n<p><b>Tel:\u00a0<\/b>0040740115820<\/p>\n<\/div><\/section><\/div>\n","protected":false},"excerpt":{"rendered":"","protected":false},"author":1,"featured_media":0,"parent":0,"menu_order":0,"comment_status":"open","ping_status":"closed","template":"","meta":{"footnotes":""},"class_list":["post-3934","page","type-page","status-publish","hentry"],"yoast_head":"<!-- This site is optimized with the Yoast SEO plugin v27.3 - https:\/\/yoast.com\/product\/yoast-seo-wordpress\/ -->\n<title>Contact - MC Trans SRL<\/title>\n<meta name=\"robots\" content=\"index, follow, max-snippet:-1, max-image-preview:large, max-video-preview:-1\" \/>\n<link rel=\"canonical\" href=\"https:\/\/www.cisterna.ro\/adr\/contact\/\" \/>\n<meta property=\"og:locale\" content=\"ro_RO\" \/>\n<meta property=\"og:type\" content=\"article\" \/>\n<meta property=\"og:title\" content=\"Contact - MC Trans SRL\" \/>\n<meta property=\"og:url\" content=\"https:\/\/www.cisterna.ro\/adr\/contact\/?lang=en\" \/>\n<meta property=\"og:site_name\" content=\"MC Trans SRL\" \/>\n<meta property=\"article:modified_time\" content=\"2025-02-25T13:04:51+00:00\" \/>\n<meta name=\"twitter:label1\" content=\"Timp estimat pentru citire\" \/>\n\t<meta name=\"twitter:data1\" content=\"1 minut\" \/>\n<script type=\"application\/ld+json\" class=\"yoast-schema-graph\">{\"@context\":\"https:\\\/\\\/schema.org\",\"@graph\":[{\"@type\":\"WebPage\",\"@id\":\"https:\\\/\\\/www.cisterna.ro\\\/adr\\\/contact\\\/?lang=en\",\"url\":\"https:\\\/\\\/www.cisterna.ro\\\/adr\\\/contact\\\/?lang=en\",\"name\":\"Contact - MC Trans SRL\",\"isPartOf\":{\"@id\":\"https:\\\/\\\/www.cisterna.ro\\\/adr\\\/#website\"},\"datePublished\":\"2014-04-28T06:31:12+00:00\",\"dateModified\":\"2025-02-25T13:04:51+00:00\",\"breadcrumb\":{\"@id\":\"https:\\\/\\\/www.cisterna.ro\\\/adr\\\/contact\\\/?lang=en#breadcrumb\"},\"inLanguage\":\"ro-RO\",\"potentialAction\":[{\"@type\":\"ReadAction\",\"target\":[\"https:\\\/\\\/www.cisterna.ro\\\/adr\\\/contact\\\/?lang=en\"]}]},{\"@type\":\"BreadcrumbList\",\"@id\":\"https:\\\/\\\/www.cisterna.ro\\\/adr\\\/contact\\\/?lang=en#breadcrumb\",\"itemListElement\":[{\"@type\":\"ListItem\",\"position\":1,\"name\":\"Home\",\"item\":\"https:\\\/\\\/www.cisterna.ro\\\/adr\\\/home\\\/\"},{\"@type\":\"ListItem\",\"position\":2,\"name\":\"Contact\"}]},{\"@type\":\"WebSite\",\"@id\":\"https:\\\/\\\/www.cisterna.ro\\\/adr\\\/#website\",\"url\":\"https:\\\/\\\/www.cisterna.ro\\\/adr\\\/\",\"name\":\"MC Trans SRL\",\"description\":\"Transport International\",\"potentialAction\":[{\"@type\":\"SearchAction\",\"target\":{\"@type\":\"EntryPoint\",\"urlTemplate\":\"https:\\\/\\\/www.cisterna.ro\\\/adr\\\/?s={search_term_string}\"},\"query-input\":{\"@type\":\"PropertyValueSpecification\",\"valueRequired\":true,\"valueName\":\"search_term_string\"}}],\"inLanguage\":\"ro-RO\"}]}<\/script>\n<!-- \/ Yoast SEO plugin. -->","yoast_head_json":{"title":"Contact - MC Trans SRL","robots":{"index":"index","follow":"follow","max-snippet":"max-snippet:-1","max-image-preview":"max-image-preview:large","max-video-preview":"max-video-preview:-1"},"canonical":"https:\/\/www.cisterna.ro\/adr\/contact\/","og_locale":"ro_RO","og_type":"article","og_title":"Contact - MC Trans SRL","og_url":"https:\/\/www.cisterna.ro\/adr\/contact\/?lang=en","og_site_name":"MC Trans SRL","article_modified_time":"2025-02-25T13:04:51+00:00","twitter_misc":{"Timp estimat pentru citire":"1 minut"},"schema":{"@context":"https:\/\/schema.org","@graph":[{"@type":"WebPage","@id":"https:\/\/www.cisterna.ro\/adr\/contact\/?lang=en","url":"https:\/\/www.cisterna.ro\/adr\/contact\/?lang=en","name":"Contact - MC Trans SRL","isPartOf":{"@id":"https:\/\/www.cisterna.ro\/adr\/#website"},"datePublished":"2014-04-28T06:31:12+00:00","dateModified":"2025-02-25T13:04:51+00:00","breadcrumb":{"@id":"https:\/\/www.cisterna.ro\/adr\/contact\/?lang=en#breadcrumb"},"inLanguage":"ro-RO","potentialAction":[{"@type":"ReadAction","target":["https:\/\/www.cisterna.ro\/adr\/contact\/?lang=en"]}]},{"@type":"BreadcrumbList","@id":"https:\/\/www.cisterna.ro\/adr\/contact\/?lang=en#breadcrumb","itemListElement":[{"@type":"ListItem","position":1,"name":"Home","item":"https:\/\/www.cisterna.ro\/adr\/home\/"},{"@type":"ListItem","position":2,"name":"Contact"}]},{"@type":"WebSite","@id":"https:\/\/www.cisterna.ro\/adr\/#website","url":"https:\/\/www.cisterna.ro\/adr\/","name":"MC Trans SRL","description":"Transport International","potentialAction":[{"@type":"SearchAction","target":{"@type":"EntryPoint","urlTemplate":"https:\/\/www.cisterna.ro\/adr\/?s={search_term_string}"},"query-input":{"@type":"PropertyValueSpecification","valueRequired":true,"valueName":"search_term_string"}}],"inLanguage":"ro-RO"}]}},"_links":{"self":[{"href":"https:\/\/www.cisterna.ro\/adr\/wp-json\/wp\/v2\/pages\/3934","targetHints":{"allow":["GET"]}}],"collection":[{"href":"https:\/\/www.cisterna.ro\/adr\/wp-json\/wp\/v2\/pages"}],"about":[{"href":"https:\/\/www.cisterna.ro\/adr\/wp-json\/wp\/v2\/types\/page"}],"author":[{"embeddable":true,"href":"https:\/\/www.cisterna.ro\/adr\/wp-json\/wp\/v2\/users\/1"}],"replies":[{"embeddable":true,"href":"https:\/\/www.cisterna.ro\/adr\/wp-json\/wp\/v2\/comments?post=3934"}],"version-history":[{"count":28,"href":"https:\/\/www.cisterna.ro\/adr\/wp-json\/wp\/v2\/pages\/3934\/revisions"}],"predecessor-version":[{"id":7068,"href":"https:\/\/www.cisterna.ro\/adr\/wp-json\/wp\/v2\/pages\/3934\/revisions\/7068"}],"wp:attachment":[{"href":"https:\/\/www.cisterna.ro\/adr\/wp-json\/wp\/v2\/media?parent=3934"}],"curies":[{"name":"wp","href":"https:\/\/api.w.org\/{rel}","templated":true}]}}