{"id":3939,"date":"2014-04-25T12:46:40","date_gmt":"2014-04-25T12:46:40","guid":{"rendered":"http:\/\/www.cisterna.ro\/adr\/?page_id=3939"},"modified":"2016-10-13T06:31:14","modified_gmt":"2016-10-13T06:31:14","slug":"home","status":"publish","type":"page","link":"https:\/\/www.cisterna.ro\/adr\/home\/?lang=en","title":{"rendered":"Homepage"},"content":{"rendered":"<div id='layer_slider_1'  class='avia-layerslider main_color avia-shadow  avia-builder-el-0  el_before_av_one_half  avia-builder-el-first  container_wrap fullsize'  style='height: 302px; max-width: 1024px; margin: 0 auto;'  ><\/div><div id='after_layer_slider_1'  class='main_color av_default_container_wrap container_wrap fullsize'  ><div class='container av-section-cont-open' ><div class='template-page content  av-content-full alpha units'><div class='post-entry post-entry-type-page post-entry-3939'><div class='entry-content-wrapper clearfix'>\n<div  class='flex_column av-av_one_half-2a9015ff38129c418a3f2eafba3e9512 av_one_half  avia-builder-el-1  el_after_av_layerslider  el_before_av_one_half  avia-builder-el-first  first flex_column_div  '     ><section  class='av_textblock_section av-av_textblock-68f1994427c17bf5187b0cc9fed06311 '   itemscope=\"itemscope\" itemtype=\"https:\/\/schema.org\/CreativeWork\" ><div class='avia_textblock'  itemprop=\"text\" ><h1 style=\"text-align: left;\">5 reasons<\/h1>\n<h3>to choose our transport services<\/h3>\n<\/div><\/section><br \/>\n<div  class='avia-icon-list-container av-av_iconlist-e4a0ebdf966f1bea8883e87bb95dffd6  avia-builder-el-3  el_after_av_textblock  avia-builder-el-last '><ul class='avia-icon-list avia_animate_when_almost_visible avia-icon-list-left av-iconlist-big av-av_iconlist-e4a0ebdf966f1bea8883e87bb95dffd6 avia-iconlist-animate'>\n<li><div class='iconlist_icon av-av_iconlist_item-9543994752c4ee9de727f7386d5dbed0 avia-font-entypo-fontello avia-iconfont avia-font-entypo-fontello'><span class='av-icon-char' data-av_icon='\ue8b1' data-av_iconfont='entypo-fontello' aria-hidden=\"true\"><\/span><\/div><article class=\"article-icon-entry \"  itemscope=\"itemscope\" itemtype=\"https:\/\/schema.org\/CreativeWork\" ><div class=\"iconlist_content_wrap\"><header class=\"entry-content-header\" aria-label=\"Icon: Locations\"><h4 class='av_iconlist_title iconlist_title  '  itemprop=\"headline\" >Locations<\/h4><\/header><div class='iconlist_content '  itemprop=\"text\" ><p>We cover all European areas with success<\/p>\n<\/div><\/div><footer class=\"entry-footer\"><\/footer><\/article><div class=\"iconlist-timeline\"><\/div><\/li>\n<li><div class='iconlist_icon av-av_iconlist_item-43af5272e7af90491a390aa503ced1ab avia-font-entypo-fontello avia-iconfont avia-font-entypo-fontello'><span class='av-icon-char' data-av_icon='\ue82b' data-av_iconfont='entypo-fontello' aria-hidden=\"true\"><\/span><\/div><article class=\"article-icon-entry \"  itemscope=\"itemscope\" itemtype=\"https:\/\/schema.org\/CreativeWork\" ><div class=\"iconlist_content_wrap\"><header class=\"entry-content-header\" aria-label=\"Icon: Rapidity\"><h4 class='av_iconlist_title iconlist_title  '  itemprop=\"headline\" >Rapidity<\/h4><\/header><div class='iconlist_content '  itemprop=\"text\" ><p>We are acknowledged for the speed and safety of all our services<\/p>\n<\/div><\/div><footer class=\"entry-footer\"><\/footer><\/article><div class=\"iconlist-timeline\"><\/div><\/li>\n<li><div class='iconlist_icon av-av_iconlist_item-a6db4b6668af256f2a588ff702fc1763 avia-font-entypo-fontello avia-iconfont avia-font-entypo-fontello'><span class='av-icon-char' data-av_icon='\ue826' data-av_iconfont='entypo-fontello' aria-hidden=\"true\"><\/span><\/div><article class=\"article-icon-entry \"  itemscope=\"itemscope\" itemtype=\"https:\/\/schema.org\/CreativeWork\" ><div class=\"iconlist_content_wrap\"><header class=\"entry-content-header\" aria-label=\"Icon: Solutions\"><h4 class='av_iconlist_title iconlist_title  '  itemprop=\"headline\" >Solutions<\/h4><\/header><div class='iconlist_content '  itemprop=\"text\" ><p>We provide you with complete, flexible and optimal solutions, adapted to your needs<\/p>\n<\/div><\/div><footer class=\"entry-footer\"><\/footer><\/article><div class=\"iconlist-timeline\"><\/div><\/li>\n<li><div class='iconlist_icon av-av_iconlist_item-ecc738e59020562bd5b15098f8ebdbc5 avia-font-entypo-fontello avia-iconfont avia-font-entypo-fontello'><span class='av-icon-char' data-av_icon='\ue856' data-av_iconfont='entypo-fontello' aria-hidden=\"true\"><\/span><\/div><article class=\"article-icon-entry \"  itemscope=\"itemscope\" itemtype=\"https:\/\/schema.org\/CreativeWork\" ><div class=\"iconlist_content_wrap\"><header class=\"entry-content-header\" aria-label=\"Icon: Technology\"><h4 class='av_iconlist_title iconlist_title  '  itemprop=\"headline\" >Technology<\/h4><\/header><div class='iconlist_content '  itemprop=\"text\" ><p>We use a state-of-the-art technology in order to maintain the quality of merchandise<\/p>\n<\/div><\/div><footer class=\"entry-footer\"><\/footer><\/article><div class=\"iconlist-timeline\"><\/div><\/li>\n<li><div class='iconlist_icon av-av_iconlist_item-0b355d0a043dea3509bb866eacb5e80c avia-font-entypo-fontello avia-iconfont avia-font-entypo-fontello'><span class='av-icon-char' data-av_icon='\ue804' data-av_iconfont='entypo-fontello' aria-hidden=\"true\"><\/span><\/div><article class=\"article-icon-entry \"  itemscope=\"itemscope\" itemtype=\"https:\/\/schema.org\/CreativeWork\" ><div class=\"iconlist_content_wrap\"><header class=\"entry-content-header\" aria-label=\"Icon: Route\"><h4 class='av_iconlist_title iconlist_title  '  itemprop=\"headline\" >Route<\/h4><\/header><div class='iconlist_content '  itemprop=\"text\" ><p>You can check the location of a transport in real time, any time<\/p>\n<\/div><\/div><footer class=\"entry-footer\"><\/footer><\/article><div class=\"iconlist-timeline\"><\/div><\/li>\n<li><div class='iconlist_icon av-av_iconlist_item-aaa0a355f9db84a5834c66d0f13f2468 avia-font-entypo-fontello avia-iconfont avia-font-entypo-fontello'><span class='av-icon-char' data-av_icon='\ue855' data-av_iconfont='entypo-fontello' aria-hidden=\"true\"><\/span><\/div><article class=\"article-icon-entry \"  itemscope=\"itemscope\" itemtype=\"https:\/\/schema.org\/CreativeWork\" ><div class=\"iconlist_content_wrap\"><header class=\"entry-content-header\" aria-label=\"Icon: Quote\"><h4 class='av_iconlist_title iconlist_title  '  itemprop=\"headline\" >Quote<\/h4><\/header><div class='iconlist_content '  itemprop=\"text\" ><p>Request a <a href=\"http:\/\/www.cisterna.ro\/adr\/?lang=en\">quick quote<\/a> now!<\/p>\n<\/div><\/div><footer class=\"entry-footer\"><\/footer><\/article><div class=\"iconlist-timeline\"><\/div><\/li>\n<\/ul><\/div><\/p><\/div>\n\n<style type=\"text\/css\" data-created_by=\"avia_inline_auto\" id=\"style-css-av-av_one_half-9c1d454dc06f7247226bc4e8f931daae\">\n.flex_column.av-av_one_half-9c1d454dc06f7247226bc4e8f931daae{\nborder-radius:0px 0px 0px 0px;\npadding:0px 0px 0px 0px;\n}\n<\/style>\n<div  class='flex_column av-av_one_half-9c1d454dc06f7247226bc4e8f931daae av_one_half  avia-builder-el-4  el_after_av_one_half  avia-builder-el-last  flex_column_div av-zero-column-padding  '     ><form action=\"https:\/\/www.cisterna.ro\/adr\/home\/?lang=en\" method=\"post\" data-fields-with-error=\"Found errors in the following field(s):\" class=\"avia_ajax_form av-form-labels-visible   avia-builder-el-5  avia-builder-el-no-sibling   \" data-avia-form-id=\"1\" data-avia-redirect='' ><h3 class=''>Quick quote form<\/h3><fieldset><p class='  first_form  form_element form_fullwidth' id='element_avia_1_1'><label for=\"avia_1_1\">Surname, Forname <abbr class=\"required\" title=\"required\">*<\/abbr><\/label> <input name=\"avia_1_1\" class=\"text_input is_empty\" type=\"text\" id=\"avia_1_1\" value=\"\" \/><\/p><p class='  first_form  form_element form_fullwidth' id='element_avia_2_1'><label for=\"avia_2_1\">E-mail <abbr class=\"required\" title=\"required\">*<\/abbr><\/label> <input name=\"avia_2_1\" class=\"text_input is_email\" type=\"text\" id=\"avia_2_1\" value=\"\" \/><\/p><p class='  first_form  form_element form_fullwidth' id='element_avia_3_1'><label for=\"avia_3_1\">Company <abbr class=\"required\" title=\"required\">*<\/abbr><\/label> <input name=\"avia_3_1\" class=\"text_input is_empty\" type=\"text\" id=\"avia_3_1\" value=\"\" \/><\/p><p class='  first_form  form_element form_fullwidth' id='element_avia_4_1'><label for=\"avia_4_1\" class=\"textare_label hidden textare_label_avia_4_1\">Details Requested tzpe of transport\/merchandise\/quantity <abbr class=\"required\" title=\"required\">*<\/abbr><\/label><textarea  name=\"avia_4_1\" class=\"text_area is_empty\" cols=\"40\" rows=\"7\" id=\"avia_4_1\" ><\/textarea><\/p><p class='  first_form  form_element form_fullwidth' id='element_avia_5_1'><label for=\"avia_5_1\">Loading place\/Date<\/label> <input name=\"avia_5_1\" class=\"text_input \" type=\"text\" id=\"avia_5_1\" value=\"\" \/><\/p><p class='  first_form  form_element form_fullwidth' id='element_avia_6_1'><label for=\"avia_6_1\">Unloading place\/Date<\/label> <input name=\"avia_6_1\" class=\"text_input \" type=\"text\" id=\"avia_6_1\" value=\"\" \/><\/p><p class=\"hidden\"><input type=\"text\" name=\"avia_7_1\" class=\"hidden \" id=\"avia_7_1\" value=\"\" \/><\/p><p class='   form_element form_fullwidth' id='element_avia_8_1'><span class='value_verifier_label'>2 + 0 = ?<\/span><input name=\"avia_8_1_verifier\" type=\"hidden\" id=\"avia_8_1_verifier\" value=\"787228214\"\/><label for=\"avia_8_1\">V\u0103 rug\u0103m s\u0103 dovedi\u021bi c\u0103 sunte\u021bi om prin rezolvarea ecua\u021biei <abbr class=\"required\" title=\"required\">*<\/abbr><\/label><input name=\"avia_8_1\" class=\"text_input captcha\" type=\"text\" id=\"avia_8_1\" value=\"\"\/><\/p><p class=\"form_element \"><input type=\"hidden\" value=\"1\" name=\"avia_generated_form1\" \/><input type=\"submit\" value=\"Send\" class=\"button\"  data-sending-label=\"Sending\"\/><\/p><\/fieldset><\/form><div id=\"ajaxresponse_1\" class=\"ajaxresponse ajaxresponse_1 hidden\"><\/div><\/div>\n","protected":false},"excerpt":{"rendered":"","protected":false},"author":1,"featured_media":0,"parent":0,"menu_order":0,"comment_status":"open","ping_status":"closed","template":"","meta":{"footnotes":""},"class_list":["post-3939","page","type-page","status-publish","hentry"],"yoast_head":"<!-- This site is optimized with the Yoast SEO plugin v27.5 - https:\/\/yoast.com\/product\/yoast-seo-wordpress\/ -->\n<title>MC TRANS SRL - Transport International cu Cisterna<\/title>\n<meta name=\"description\" content=\"MC TRANS poate transporta \u00eenc\u0103rc\u0103turile dvs. \u00een toat\u0103 Europa, ca serviciu complet, furnizor-client.\" \/>\n<meta name=\"robots\" content=\"index, follow, max-snippet:-1, max-image-preview:large, max-video-preview:-1\" \/>\n<link rel=\"canonical\" href=\"https:\/\/www.cisterna.ro\/adr\/home\/\" \/>\n<meta property=\"og:locale\" content=\"ro_RO\" \/>\n<meta property=\"og:type\" content=\"article\" \/>\n<meta property=\"og:title\" content=\"MC TRANS SRL - Transport International cu Cisterna\" \/>\n<meta property=\"og:description\" content=\"MC TRANS poate transporta \u00eenc\u0103rc\u0103turile dvs. \u00een toat\u0103 Europa, ca serviciu complet, furnizor-client.\" \/>\n<meta property=\"og:url\" content=\"https:\/\/www.cisterna.ro\/adr\/home\/?lang=en\" \/>\n<meta property=\"og:site_name\" content=\"MC Trans SRL\" \/>\n<meta property=\"article:modified_time\" content=\"2016-10-13T06:31:14+00:00\" \/>\n<meta name=\"twitter:label1\" content=\"Timp estimat pentru citire\" \/>\n\t<meta name=\"twitter:data1\" content=\"2 minute\" \/>\n<script type=\"application\/ld+json\" class=\"yoast-schema-graph\">{\"@context\":\"https:\\\/\\\/schema.org\",\"@graph\":[{\"@type\":\"WebPage\",\"@id\":\"https:\\\/\\\/www.cisterna.ro\\\/adr\\\/home\\\/?lang=en\",\"url\":\"https:\\\/\\\/www.cisterna.ro\\\/adr\\\/home\\\/?lang=en\",\"name\":\"MC TRANS SRL - Transport International cu Cisterna\",\"isPartOf\":{\"@id\":\"https:\\\/\\\/www.cisterna.ro\\\/adr\\\/#website\"},\"datePublished\":\"2014-04-25T12:46:40+00:00\",\"dateModified\":\"2016-10-13T06:31:14+00:00\",\"description\":\"MC TRANS poate transporta \u00eenc\u0103rc\u0103turile dvs. \u00een toat\u0103 Europa, ca serviciu complet, furnizor-client.\",\"breadcrumb\":{\"@id\":\"https:\\\/\\\/www.cisterna.ro\\\/adr\\\/home\\\/?lang=en#breadcrumb\"},\"inLanguage\":\"ro-RO\",\"potentialAction\":[{\"@type\":\"ReadAction\",\"target\":[\"https:\\\/\\\/www.cisterna.ro\\\/adr\\\/home\\\/?lang=en\"]}]},{\"@type\":\"BreadcrumbList\",\"@id\":\"https:\\\/\\\/www.cisterna.ro\\\/adr\\\/home\\\/?lang=en#breadcrumb\",\"itemListElement\":[{\"@type\":\"ListItem\",\"position\":1,\"name\":\"Home\",\"item\":\"https:\\\/\\\/www.cisterna.ro\\\/adr\\\/home\\\/\"},{\"@type\":\"ListItem\",\"position\":2,\"name\":\"Homepage\"}]},{\"@type\":\"WebSite\",\"@id\":\"https:\\\/\\\/www.cisterna.ro\\\/adr\\\/#website\",\"url\":\"https:\\\/\\\/www.cisterna.ro\\\/adr\\\/\",\"name\":\"MC Trans SRL\",\"description\":\"Transport International\",\"potentialAction\":[{\"@type\":\"SearchAction\",\"target\":{\"@type\":\"EntryPoint\",\"urlTemplate\":\"https:\\\/\\\/www.cisterna.ro\\\/adr\\\/?s={search_term_string}\"},\"query-input\":{\"@type\":\"PropertyValueSpecification\",\"valueRequired\":true,\"valueName\":\"search_term_string\"}}],\"inLanguage\":\"ro-RO\"}]}<\/script>\n<!-- \/ Yoast SEO plugin. -->","yoast_head_json":{"title":"MC TRANS SRL - Transport International cu Cisterna","description":"MC TRANS poate transporta \u00eenc\u0103rc\u0103turile dvs. \u00een toat\u0103 Europa, ca serviciu complet, furnizor-client.","robots":{"index":"index","follow":"follow","max-snippet":"max-snippet:-1","max-image-preview":"max-image-preview:large","max-video-preview":"max-video-preview:-1"},"canonical":"https:\/\/www.cisterna.ro\/adr\/home\/","og_locale":"ro_RO","og_type":"article","og_title":"MC TRANS SRL - Transport International cu Cisterna","og_description":"MC TRANS poate transporta \u00eenc\u0103rc\u0103turile dvs. \u00een toat\u0103 Europa, ca serviciu complet, furnizor-client.","og_url":"https:\/\/www.cisterna.ro\/adr\/home\/?lang=en","og_site_name":"MC Trans SRL","article_modified_time":"2016-10-13T06:31:14+00:00","twitter_misc":{"Timp estimat pentru citire":"2 minute"},"schema":{"@context":"https:\/\/schema.org","@graph":[{"@type":"WebPage","@id":"https:\/\/www.cisterna.ro\/adr\/home\/?lang=en","url":"https:\/\/www.cisterna.ro\/adr\/home\/?lang=en","name":"MC TRANS SRL - Transport International cu Cisterna","isPartOf":{"@id":"https:\/\/www.cisterna.ro\/adr\/#website"},"datePublished":"2014-04-25T12:46:40+00:00","dateModified":"2016-10-13T06:31:14+00:00","description":"MC TRANS poate transporta \u00eenc\u0103rc\u0103turile dvs. \u00een toat\u0103 Europa, ca serviciu complet, furnizor-client.","breadcrumb":{"@id":"https:\/\/www.cisterna.ro\/adr\/home\/?lang=en#breadcrumb"},"inLanguage":"ro-RO","potentialAction":[{"@type":"ReadAction","target":["https:\/\/www.cisterna.ro\/adr\/home\/?lang=en"]}]},{"@type":"BreadcrumbList","@id":"https:\/\/www.cisterna.ro\/adr\/home\/?lang=en#breadcrumb","itemListElement":[{"@type":"ListItem","position":1,"name":"Home","item":"https:\/\/www.cisterna.ro\/adr\/home\/"},{"@type":"ListItem","position":2,"name":"Homepage"}]},{"@type":"WebSite","@id":"https:\/\/www.cisterna.ro\/adr\/#website","url":"https:\/\/www.cisterna.ro\/adr\/","name":"MC Trans SRL","description":"Transport International","potentialAction":[{"@type":"SearchAction","target":{"@type":"EntryPoint","urlTemplate":"https:\/\/www.cisterna.ro\/adr\/?s={search_term_string}"},"query-input":{"@type":"PropertyValueSpecification","valueRequired":true,"valueName":"search_term_string"}}],"inLanguage":"ro-RO"}]}},"_links":{"self":[{"href":"https:\/\/www.cisterna.ro\/adr\/wp-json\/wp\/v2\/pages\/3939","targetHints":{"allow":["GET"]}}],"collection":[{"href":"https:\/\/www.cisterna.ro\/adr\/wp-json\/wp\/v2\/pages"}],"about":[{"href":"https:\/\/www.cisterna.ro\/adr\/wp-json\/wp\/v2\/types\/page"}],"author":[{"embeddable":true,"href":"https:\/\/www.cisterna.ro\/adr\/wp-json\/wp\/v2\/users\/1"}],"replies":[{"embeddable":true,"href":"https:\/\/www.cisterna.ro\/adr\/wp-json\/wp\/v2\/comments?post=3939"}],"version-history":[{"count":34,"href":"https:\/\/www.cisterna.ro\/adr\/wp-json\/wp\/v2\/pages\/3939\/revisions"}],"predecessor-version":[{"id":5157,"href":"https:\/\/www.cisterna.ro\/adr\/wp-json\/wp\/v2\/pages\/3939\/revisions\/5157"}],"wp:attachment":[{"href":"https:\/\/www.cisterna.ro\/adr\/wp-json\/wp\/v2\/media?parent=3939"}],"curies":[{"name":"wp","href":"https:\/\/api.w.org\/{rel}","templated":true}]}}