{"id":5589,"date":"2018-10-12T12:11:07","date_gmt":"2018-10-12T12:11:07","guid":{"rendered":"https:\/\/www.cisterna.ro\/adr\/?page_id=5589"},"modified":"2023-10-13T13:09:15","modified_gmt":"2023-10-13T13:09:15","slug":"angajam-soferi","status":"publish","type":"page","link":"https:\/\/www.cisterna.ro\/adr\/angajam-soferi\/","title":{"rendered":"Angaj\u0103m \u0219oferi"},"content":{"rendered":"<section  class='av_textblock_section av-jn5yzsl4-9fcba268f2fb3cf68778826e92378e4b '   itemscope=\"itemscope\" itemtype=\"https:\/\/schema.org\/CreativeWork\" ><div class='avia_textblock'  itemprop=\"text\" ><p><a href=\"https:\/\/www.cisterna.ro\/adr\/wp-content\/uploads\/2014\/04\/B710MCT-3.jpg\"><img loading=\"lazy\" decoding=\"async\" class=\"wp-image-5434 alignleft\" src=\"https:\/\/www.cisterna.ro\/adr\/wp-content\/uploads\/2014\/04\/B710MCT-3.jpg\" alt=\"\" width=\"286\" height=\"193\" srcset=\"https:\/\/www.cisterna.ro\/adr\/wp-content\/uploads\/2014\/04\/B710MCT-3.jpg 1080w, https:\/\/www.cisterna.ro\/adr\/wp-content\/uploads\/2014\/04\/B710MCT-3-300x203.jpg 300w, https:\/\/www.cisterna.ro\/adr\/wp-content\/uploads\/2014\/04\/B710MCT-3-768x520.jpg 768w, https:\/\/www.cisterna.ro\/adr\/wp-content\/uploads\/2014\/04\/B710MCT-3-1030x697.jpg 1030w, https:\/\/www.cisterna.ro\/adr\/wp-content\/uploads\/2014\/04\/B710MCT-3-705x477.jpg 705w, https:\/\/www.cisterna.ro\/adr\/wp-content\/uploads\/2014\/04\/B710MCT-3-450x305.jpg 450w\" sizes=\"auto, (max-width: 286px) 100vw, 286px\" \/><\/a><strong>MC TRANS<\/strong><\/p>\n<p>Ne m\u0103rim parcul auto \u0219i echipa.<span lang=\"ro-RO\"> Angaj\u0103m \u0219oferi profesioni\u0219ti pentru cisterne<\/span>.<\/p>\n<p>Curse tur-retur Rom\u00e2nia \u2013 Uniunea European\u0103.<\/p>\n<p>Baz\u0103 locat\u0103 la T\u00e2rgu-Mure\u0219.<\/p>\n<p>Completa\u021bi formularul de mai jos sau trimite\u021bi CV-ul pe adresa de email: <a href=\"mailto:soferi@cisterna.ro\"><strong>soferi@cisterna.ro<\/strong><\/a><\/p>\n<\/div><\/section>\n\n<style type=\"text\/css\" data-created_by=\"avia_inline_auto\" id=\"style-css-av-3vyhhh-e31541f702c5e59d31875c0fe6fb3aff\">\n.flex_column.av-3vyhhh-e31541f702c5e59d31875c0fe6fb3aff{\nborder-radius:0px 0px 0px 0px;\npadding:0px 0px 0px 0px;\n}\n<\/style>\n<div  class='flex_column av-3vyhhh-e31541f702c5e59d31875c0fe6fb3aff av_three_fifth  avia-builder-el-1  el_after_av_textblock  el_before_av_one_fifth  first flex_column_div av-zero-column-padding  column-top-margin'     ><form action=\"https:\/\/www.cisterna.ro\/adr\/angajam-soferi\/\" method=\"post\" data-fields-with-error=\"Found errors in the following field(s):\" class=\"avia_ajax_form av-form-labels-visible   avia-builder-el-2  avia-builder-el-no-sibling   \" data-avia-form-id=\"1\" data-avia-redirect='' ><h3 class=''>FORMULAR<\/h3><fieldset><p class='  first_form  form_element form_fullwidth' id='element_avia_1_1'><label for=\"avia_1_1\">Nume si prenume <abbr class=\"required\" title=\"required\">*<\/abbr><\/label> <input name=\"avia_1_1\" class=\"text_input is_empty\" type=\"text\" id=\"avia_1_1\" value=\"\" \/><\/p><p class='  first_form  form_element form_fullwidth' id='element_avia_2_1'><label for=\"avia_2_1\">Telefon <abbr class=\"required\" title=\"required\">*<\/abbr><\/label> <input name=\"avia_2_1\" class=\"text_input is_empty\" type=\"text\" id=\"avia_2_1\" value=\"\" \/><\/p><p class='  first_form  form_element form_fullwidth' id='element_avia_3_1'><label for=\"avia_3_1\">Email<\/label> <input name=\"avia_3_1\" class=\"text_input \" type=\"text\" id=\"avia_3_1\" value=\"\" \/><\/p><p class='  first_form  form_element form_fullwidth' id='element_avia_4_1'><label for=\"avia_4_1\">Domiciliu <abbr class=\"required\" title=\"required\">*<\/abbr><\/label> <input name=\"avia_4_1\" class=\"text_input is_empty\" type=\"text\" id=\"avia_4_1\" value=\"\" \/><\/p><p class='  first_form  form_element form_fullwidth' id='element_avia_5_1'><label for=\"avia_5_1\">V\u00e2rsta <abbr class=\"required\" title=\"required\">*<\/abbr><\/label> <input name=\"avia_5_1\" class=\"text_input is_number\" type=\"text\" id=\"avia_5_1\" value=\"\" \/><\/p><div id='avia_6_1' class='av-form-text'><\/p>\n<h6><strong>Experien\u021b\u0103 pe TIR:<\/strong><\/h6>\n<p>\n<\/div><p class='  first_form  form_element form_fullwidth' id='element_avia_7_1'><label for=\"avia_7_1\">Num\u0103r ani cu permis categoria C\/E<\/label> <input name=\"avia_7_1\" class=\"text_input \" type=\"text\" id=\"avia_7_1\" value=\"\" \/><\/p><p class='  first_form  form_element form_fullwidth' id='element_avia_8_1'><label for=\"avia_8_1\">Num\u0103r kilometri parcur\u0219i cu permis categoria C\/E<\/label> <input name=\"avia_8_1\" class=\"text_input \" type=\"text\" id=\"avia_8_1\" value=\"\" \/><\/p><p class='  first_form  form_element form_fullwidth' id='element_avia_9_1'><label for=\"avia_9_1\">Atestat ADR cisterne <abbr class=\"required\" title=\"required\">*<\/abbr><\/label><select  name=\"avia_9_1\" class=\"select is_empty\" id=\"avia_9_1\"><option   value='DA'>DA<\/option><option   value='NU'>NU<\/option><\/select><\/p><p class='  first_form  form_element form_fullwidth' id='element_avia_10_1'><label for=\"avia_10_1\">Ultimele trei firme la care a\u021bi activat ca \u0219ofer<\/label> <input name=\"avia_10_1\" class=\"text_input \" type=\"text\" id=\"avia_10_1\" value=\"\" \/><\/p><p class='  first_form  form_element form_fullwidth' id='element_avia_11_1'><label for=\"avia_11_1\"><\/label> <input name=\"avia_11_1\" class=\"text_input \" type=\"text\" id=\"avia_11_1\" value=\"\" \/><\/p><p class='  first_form  form_element form_fullwidth' id='element_avia_12_1'><label for=\"avia_12_1\"><\/label> <input name=\"avia_12_1\" class=\"text_input \" type=\"text\" id=\"avia_12_1\" value=\"\" \/><\/p><div id='avia_13_1' class='av-form-text'><p>\n<strong>Limbi str\u0103ine vorbite<\/strong><\/p>\n<\/div><p class='  first_form  form_element form_fullwidth' id='element_avia_14_1'><label for=\"avia_14_1\">Englez\u0103<\/label><select  name=\"avia_14_1\" class=\"select \" id=\"avia_14_1\"><option   value='\u00cencep\u0103tor'>\u00cencep\u0103tor<\/option><option   value='Mediu'>Mediu<\/option><option   value='Avansat'>Avansat<\/option><\/select><\/p><p class='  first_form  form_element form_fullwidth' id='element_avia_15_1'><label for=\"avia_15_1\">German\u0103<\/label><select  name=\"avia_15_1\" class=\"select \" id=\"avia_15_1\"><option   value='\u00cencep\u0103tor'>\u00cencep\u0103tor<\/option><option   value='Mediu'>Mediu<\/option><option   value='Avansat'>Avansat<\/option><\/select><\/p><p class='  first_form  form_element form_fullwidth' id='element_avia_16_1'><label for=\"avia_16_1\">Spaniol\u0103<\/label><select  name=\"avia_16_1\" class=\"select \" id=\"avia_16_1\"><option   value='\u00cencep\u0103tor'>\u00cencep\u0103tor<\/option><option   value='Mediu'>Mediu<\/option><option   value='Avansat'>Avansat<\/option><\/select><\/p><p class='  first_form  form_element form_fullwidth' id='element_avia_17_1'><label for=\"avia_17_1\">Italian\u0103<\/label><select  name=\"avia_17_1\" class=\"select \" id=\"avia_17_1\"><option   value='\u00cencep\u0103tor'>\u00cencep\u0103tor<\/option><option   value='Mediu'>Mediu<\/option><option   value='Avansat'>Avansat<\/option><\/select><\/p><p class='  first_form  form_element form_fullwidth' id='element_avia_18_1'><label for=\"avia_18_1\">Alte limbi (specifica\u021bi limba)<\/label> <input name=\"avia_18_1\" class=\"text_input \" type=\"text\" id=\"avia_18_1\" value=\"\" \/><\/p><p class='  first_form  form_element form_fullwidth' id='element_avia_19_1'><label for=\"avia_19_1\">Nivel<\/label><select  name=\"avia_19_1\" class=\"select \" id=\"avia_19_1\"><option   value='\u00cencepator'>\u00cencepator<\/option><option   value='Mediu'>Mediu<\/option><option   value='Avansat'>Avansat<\/option><\/select><\/p><p class='  first_form  form_element form_fullwidth av-last-visible-form-element' id='element_avia_20_1'><input  name=\"avia_20_1\" class=\"input_checkbox is_empty\" type=\"checkbox\" id=\"avia_20_1\" value=\"true\"\/><label class=\"input_checkbox_label\" for=\"avia_20_1\">Sunt de acord cu prelucrarea datelor personale conform regulamentului GDPR <abbr class=\"required\" title=\"required\">*<\/abbr><\/label><\/p><p class=\"hidden\"><input type=\"text\" name=\"avia_21_1\" class=\"hidden \" id=\"avia_21_1\" value=\"\" \/><\/p><p class=\"form_element \"><input type=\"hidden\" value=\"1\" name=\"avia_generated_form1\" \/><input type=\"submit\" value=\"Trimite\" class=\"button\"  data-sending-label=\"Sending\"\/><\/p><\/fieldset><\/form><div id=\"ajaxresponse_1\" class=\"ajaxresponse ajaxresponse_1 hidden\"><\/div><\/div>\n\n<style type=\"text\/css\" data-created_by=\"avia_inline_auto\" id=\"style-css-av-2btb51-d59ef2534674eb834962250736bc6d80\">\n.flex_column.av-2btb51-d59ef2534674eb834962250736bc6d80{\nborder-radius:0px 0px 0px 0px;\npadding:0px 0px 0px 0px;\n}\n<\/style>\n<div  class='flex_column av-2btb51-d59ef2534674eb834962250736bc6d80 av_one_fifth  avia-builder-el-3  el_after_av_three_fifth  avia-builder-el-last  flex_column_div av-zero-column-padding  column-top-margin'     ><\/div>\n","protected":false},"excerpt":{"rendered":"","protected":false},"author":1,"featured_media":0,"parent":0,"menu_order":0,"comment_status":"closed","ping_status":"closed","template":"","meta":{"footnotes":""},"class_list":["post-5589","page","type-page","status-publish","hentry"],"yoast_head":"<!-- This site is optimized with the Yoast SEO plugin v27.5 - https:\/\/yoast.com\/product\/yoast-seo-wordpress\/ -->\n<title>Angaj\u0103m \u0219oferi - MC Trans SRL<\/title>\n<meta name=\"robots\" content=\"index, follow, max-snippet:-1, max-image-preview:large, max-video-preview:-1\" \/>\n<link rel=\"canonical\" href=\"https:\/\/www.cisterna.ro\/adr\/angajam-soferi\/\" \/>\n<meta property=\"og:locale\" content=\"ro_RO\" \/>\n<meta property=\"og:type\" content=\"article\" \/>\n<meta property=\"og:title\" content=\"Angaj\u0103m \u0219oferi - MC Trans SRL\" \/>\n<meta property=\"og:url\" content=\"https:\/\/www.cisterna.ro\/adr\/angajam-soferi\/\" \/>\n<meta property=\"og:site_name\" content=\"MC Trans SRL\" \/>\n<meta property=\"article:modified_time\" content=\"2023-10-13T13:09:15+00:00\" \/>\n<meta property=\"og:image\" content=\"https:\/\/www.cisterna.ro\/adr\/wp-content\/uploads\/2014\/04\/B710MCT-3.jpg\" \/>\n<meta name=\"twitter:label1\" content=\"Timp estimat pentru citire\" \/>\n\t<meta name=\"twitter:data1\" content=\"3 minute\" \/>\n<script type=\"application\/ld+json\" class=\"yoast-schema-graph\">{\"@context\":\"https:\\\/\\\/schema.org\",\"@graph\":[{\"@type\":\"WebPage\",\"@id\":\"https:\\\/\\\/www.cisterna.ro\\\/adr\\\/angajam-soferi\\\/\",\"url\":\"https:\\\/\\\/www.cisterna.ro\\\/adr\\\/angajam-soferi\\\/\",\"name\":\"Angaj\u0103m \u0219oferi - MC Trans SRL\",\"isPartOf\":{\"@id\":\"https:\\\/\\\/www.cisterna.ro\\\/adr\\\/#website\"},\"primaryImageOfPage\":{\"@id\":\"https:\\\/\\\/www.cisterna.ro\\\/adr\\\/angajam-soferi\\\/#primaryimage\"},\"image\":{\"@id\":\"https:\\\/\\\/www.cisterna.ro\\\/adr\\\/angajam-soferi\\\/#primaryimage\"},\"thumbnailUrl\":\"https:\\\/\\\/www.cisterna.ro\\\/adr\\\/wp-content\\\/uploads\\\/2014\\\/04\\\/B710MCT-3.jpg\",\"datePublished\":\"2018-10-12T12:11:07+00:00\",\"dateModified\":\"2023-10-13T13:09:15+00:00\",\"breadcrumb\":{\"@id\":\"https:\\\/\\\/www.cisterna.ro\\\/adr\\\/angajam-soferi\\\/#breadcrumb\"},\"inLanguage\":\"ro-RO\",\"potentialAction\":[{\"@type\":\"ReadAction\",\"target\":[\"https:\\\/\\\/www.cisterna.ro\\\/adr\\\/angajam-soferi\\\/\"]}]},{\"@type\":\"ImageObject\",\"inLanguage\":\"ro-RO\",\"@id\":\"https:\\\/\\\/www.cisterna.ro\\\/adr\\\/angajam-soferi\\\/#primaryimage\",\"url\":\"https:\\\/\\\/www.cisterna.ro\\\/adr\\\/wp-content\\\/uploads\\\/2014\\\/04\\\/B710MCT-3.jpg\",\"contentUrl\":\"https:\\\/\\\/www.cisterna.ro\\\/adr\\\/wp-content\\\/uploads\\\/2014\\\/04\\\/B710MCT-3.jpg\",\"width\":1080,\"height\":731},{\"@type\":\"BreadcrumbList\",\"@id\":\"https:\\\/\\\/www.cisterna.ro\\\/adr\\\/angajam-soferi\\\/#breadcrumb\",\"itemListElement\":[{\"@type\":\"ListItem\",\"position\":1,\"name\":\"Home\",\"item\":\"https:\\\/\\\/www.cisterna.ro\\\/adr\\\/home\\\/\"},{\"@type\":\"ListItem\",\"position\":2,\"name\":\"Angaj\u0103m \u0219oferi\"}]},{\"@type\":\"WebSite\",\"@id\":\"https:\\\/\\\/www.cisterna.ro\\\/adr\\\/#website\",\"url\":\"https:\\\/\\\/www.cisterna.ro\\\/adr\\\/\",\"name\":\"MC Trans SRL\",\"description\":\"Transport International\",\"potentialAction\":[{\"@type\":\"SearchAction\",\"target\":{\"@type\":\"EntryPoint\",\"urlTemplate\":\"https:\\\/\\\/www.cisterna.ro\\\/adr\\\/?s={search_term_string}\"},\"query-input\":{\"@type\":\"PropertyValueSpecification\",\"valueRequired\":true,\"valueName\":\"search_term_string\"}}],\"inLanguage\":\"ro-RO\"}]}<\/script>\n<!-- \/ Yoast SEO plugin. -->","yoast_head_json":{"title":"Angaj\u0103m \u0219oferi - MC Trans SRL","robots":{"index":"index","follow":"follow","max-snippet":"max-snippet:-1","max-image-preview":"max-image-preview:large","max-video-preview":"max-video-preview:-1"},"canonical":"https:\/\/www.cisterna.ro\/adr\/angajam-soferi\/","og_locale":"ro_RO","og_type":"article","og_title":"Angaj\u0103m \u0219oferi - MC Trans SRL","og_url":"https:\/\/www.cisterna.ro\/adr\/angajam-soferi\/","og_site_name":"MC Trans SRL","article_modified_time":"2023-10-13T13:09:15+00:00","og_image":[{"url":"https:\/\/www.cisterna.ro\/adr\/wp-content\/uploads\/2014\/04\/B710MCT-3.jpg","type":"","width":"","height":""}],"twitter_misc":{"Timp estimat pentru citire":"3 minute"},"schema":{"@context":"https:\/\/schema.org","@graph":[{"@type":"WebPage","@id":"https:\/\/www.cisterna.ro\/adr\/angajam-soferi\/","url":"https:\/\/www.cisterna.ro\/adr\/angajam-soferi\/","name":"Angaj\u0103m \u0219oferi - MC Trans SRL","isPartOf":{"@id":"https:\/\/www.cisterna.ro\/adr\/#website"},"primaryImageOfPage":{"@id":"https:\/\/www.cisterna.ro\/adr\/angajam-soferi\/#primaryimage"},"image":{"@id":"https:\/\/www.cisterna.ro\/adr\/angajam-soferi\/#primaryimage"},"thumbnailUrl":"https:\/\/www.cisterna.ro\/adr\/wp-content\/uploads\/2014\/04\/B710MCT-3.jpg","datePublished":"2018-10-12T12:11:07+00:00","dateModified":"2023-10-13T13:09:15+00:00","breadcrumb":{"@id":"https:\/\/www.cisterna.ro\/adr\/angajam-soferi\/#breadcrumb"},"inLanguage":"ro-RO","potentialAction":[{"@type":"ReadAction","target":["https:\/\/www.cisterna.ro\/adr\/angajam-soferi\/"]}]},{"@type":"ImageObject","inLanguage":"ro-RO","@id":"https:\/\/www.cisterna.ro\/adr\/angajam-soferi\/#primaryimage","url":"https:\/\/www.cisterna.ro\/adr\/wp-content\/uploads\/2014\/04\/B710MCT-3.jpg","contentUrl":"https:\/\/www.cisterna.ro\/adr\/wp-content\/uploads\/2014\/04\/B710MCT-3.jpg","width":1080,"height":731},{"@type":"BreadcrumbList","@id":"https:\/\/www.cisterna.ro\/adr\/angajam-soferi\/#breadcrumb","itemListElement":[{"@type":"ListItem","position":1,"name":"Home","item":"https:\/\/www.cisterna.ro\/adr\/home\/"},{"@type":"ListItem","position":2,"name":"Angaj\u0103m \u0219oferi"}]},{"@type":"WebSite","@id":"https:\/\/www.cisterna.ro\/adr\/#website","url":"https:\/\/www.cisterna.ro\/adr\/","name":"MC Trans SRL","description":"Transport International","potentialAction":[{"@type":"SearchAction","target":{"@type":"EntryPoint","urlTemplate":"https:\/\/www.cisterna.ro\/adr\/?s={search_term_string}"},"query-input":{"@type":"PropertyValueSpecification","valueRequired":true,"valueName":"search_term_string"}}],"inLanguage":"ro-RO"}]}},"_links":{"self":[{"href":"https:\/\/www.cisterna.ro\/adr\/wp-json\/wp\/v2\/pages\/5589","targetHints":{"allow":["GET"]}}],"collection":[{"href":"https:\/\/www.cisterna.ro\/adr\/wp-json\/wp\/v2\/pages"}],"about":[{"href":"https:\/\/www.cisterna.ro\/adr\/wp-json\/wp\/v2\/types\/page"}],"author":[{"embeddable":true,"href":"https:\/\/www.cisterna.ro\/adr\/wp-json\/wp\/v2\/users\/1"}],"replies":[{"embeddable":true,"href":"https:\/\/www.cisterna.ro\/adr\/wp-json\/wp\/v2\/comments?post=5589"}],"version-history":[{"count":28,"href":"https:\/\/www.cisterna.ro\/adr\/wp-json\/wp\/v2\/pages\/5589\/revisions"}],"predecessor-version":[{"id":6860,"href":"https:\/\/www.cisterna.ro\/adr\/wp-json\/wp\/v2\/pages\/5589\/revisions\/6860"}],"wp:attachment":[{"href":"https:\/\/www.cisterna.ro\/adr\/wp-json\/wp\/v2\/media?parent=5589"}],"curies":[{"name":"wp","href":"https:\/\/api.w.org\/{rel}","templated":true}]}}